{"id":2,"date":"2025-12-08T20:47:04","date_gmt":"2025-12-08T20:47:04","guid":{"rendered":"http:\/\/localhost\/blog\/?page_id=2"},"modified":"2025-12-10T15:32:09","modified_gmt":"2025-12-10T15:32:09","slug":"sample-page","status":"publish","type":"page","link":"https:\/\/ritterfips.feste-ip.net\/blog\/sample-page\/","title":{"rendered":"Info"},"content":{"rendered":"\n<blockquote class=\"wp-block-quote is-layout-flow wp-block-quote-is-layout-flow\">\n<p>&#8222;Das Tagebuch enth\u00e4lt Eintr\u00e4ge \u00fcber Ereignisse, von denen ich meinte, dass es sich lohnt, sie im Ged\u00e4chtnis zu behalten.&#8220;<\/p>\n<\/blockquote>\n\n\n\n<p>Letztlich ist es ein soziales Medium f\u00fcr die eigene Familie. Daher sind sensible Beitr\u00e4ge mit Passwort gesch\u00fctzt.<\/p>\n\n\n\n<p>Das Passwort ist f\u00fcr alle Beitr\u00e4ge gleich und schaltet bei korrekter Eingabe alle gesch\u00fctzten Beitr\u00e4ge frei. Die erfolgte Freischaltung wird als Cookie auf dem Computer des Lesers gespeichert, sofern die Einstellungen im Browser dies zulassen.<\/p>\n\n\n\n<h2 class=\"wp-block-heading\">\u00dcber mich<\/h2>\n\n\n\n<p><strong>\u2642<\/strong> , geboren 1971 in Frankfurt am Main, verheiratet, drei Kinder, zwei Stiefkinder; evangelisch. Heute wohnen meine Frau und ich in der sch\u00f6nen Wetterau in einem Fachwerkhaus aus dem Jahr 1791; dort, wo der Vogelsberg anf\u00e4ngt.<\/p>\n\n\n\n<p>Mathematiker, Modellbauer, Linuxer, Tischtennisspieler und Naturliebhaber. Viel Freude bereiten unsere beiden Dackel Frieda (im Bild rechts) und Gustav. Und nat\u00fcrlich &#8222;Elsa the cat&#8220;.<\/p>\n\n\n\n<figure class=\"wp-block-image size-full\"><img loading=\"lazy\" decoding=\"async\" width=\"900\" height=\"600\" src=\"http:\/\/ritterfips.feste-ip.net:11066\/blog\/wp-content\/uploads\/2025\/12\/kunza-20250406-001.jpg\" alt=\"Frieda und Gustav\" class=\"wp-image-26\" srcset=\"https:\/\/ritterfips.feste-ip.net\/blog\/wp-content\/uploads\/2025\/12\/kunza-20250406-001.jpg 900w, https:\/\/ritterfips.feste-ip.net\/blog\/wp-content\/uploads\/2025\/12\/kunza-20250406-001-300x200.jpg 300w, https:\/\/ritterfips.feste-ip.net\/blog\/wp-content\/uploads\/2025\/12\/kunza-20250406-001-768x512.jpg 768w\" sizes=\"auto, (max-width: 900px) 100vw, 900px\" \/><\/figure>\n\n\n\n<p><\/p>\n","protected":false},"excerpt":{"rendered":"<p>&#8222;Das Tagebuch enth\u00e4lt Eintr\u00e4ge \u00fcber Ereignisse, von denen ich meinte, dass es sich lohnt, sie im Ged\u00e4chtnis zu behalten.&#8220; Letztlich ist es ein soziales Medium f\u00fcr die eigene Familie. Daher sind sensible Beitr\u00e4ge mit Passwort gesch\u00fctzt. Das Passwort ist f\u00fcr alle Beitr\u00e4ge gleich und schaltet bei korrekter Eingabe alle gesch\u00fctzten Beitr\u00e4ge frei. Die erfolgte Freischaltung [&hellip;]<\/p>\n","protected":false},"author":1,"featured_media":0,"parent":0,"menu_order":0,"comment_status":"closed","ping_status":"open","template":"","meta":{"footnotes":""},"class_list":["post-2","page","type-page","status-publish","hentry"],"_links":{"self":[{"href":"https:\/\/ritterfips.feste-ip.net\/blog\/wp-json\/wp\/v2\/pages\/2","targetHints":{"allow":["GET"]}}],"collection":[{"href":"https:\/\/ritterfips.feste-ip.net\/blog\/wp-json\/wp\/v2\/pages"}],"about":[{"href":"https:\/\/ritterfips.feste-ip.net\/blog\/wp-json\/wp\/v2\/types\/page"}],"author":[{"embeddable":true,"href":"https:\/\/ritterfips.feste-ip.net\/blog\/wp-json\/wp\/v2\/users\/1"}],"replies":[{"embeddable":true,"href":"https:\/\/ritterfips.feste-ip.net\/blog\/wp-json\/wp\/v2\/comments?post=2"}],"version-history":[{"count":15,"href":"https:\/\/ritterfips.feste-ip.net\/blog\/wp-json\/wp\/v2\/pages\/2\/revisions"}],"predecessor-version":[{"id":107,"href":"https:\/\/ritterfips.feste-ip.net\/blog\/wp-json\/wp\/v2\/pages\/2\/revisions\/107"}],"wp:attachment":[{"href":"https:\/\/ritterfips.feste-ip.net\/blog\/wp-json\/wp\/v2\/media?parent=2"}],"curies":[{"name":"wp","href":"https:\/\/api.w.org\/{rel}","templated":true}]}}